{"id":374,"date":"2018-03-07T18:57:06","date_gmt":"2018-03-07T18:57:06","guid":{"rendered":"https:\/\/hotelharmony.me\/home\/"},"modified":"2021-05-19T09:50:54","modified_gmt":"2021-05-19T09:50:54","slug":"pocetna","status":"publish","type":"page","link":"https:\/\/hotelharmony.me\/hr\/","title":{"rendered":"Po\u010detna"},"content":{"rendered":"","protected":false},"excerpt":{"rendered":"","protected":false},"author":1,"featured_media":0,"parent":0,"menu_order":0,"comment_status":"closed","ping_status":"closed","template":"template-generic.php","meta":{"_acf_changed":false,"inline_featured_image":false,"footnotes":""},"class_list":["post-374","page","type-page","status-publish","hentry"],"acf":[],"yoast_head":"<!-- This site is optimized with the Yoast SEO Premium plugin v27.0 (Yoast SEO v27.0) - https:\/\/yoast.com\/product\/yoast-seo-premium-wordpress\/ -->\n<title>Dobrodo\u0161li na na\u0161u web stranicu | Hotel Harmony | Petrovac, Crna Gora<\/title>\n<meta name=\"description\" content=\"Hotel Harmony je mali porodi\u010dni hotel smje\u0161ten u Petrovcu, udaljen 150m od pla\u017ee Petrovac, a 300m od jedne od najljep\u0161ih pla\u017ea na Jadranu, pla\u017ee Lu\u010dice.\" \/>\n<meta name=\"robots\" content=\"index, follow, max-snippet:-1, max-image-preview:large, max-video-preview:-1\" \/>\n<link rel=\"canonical\" href=\"https:\/\/hotelharmony.me\/hr\/\" \/>\n<meta property=\"og:locale\" content=\"hr_HR\" \/>\n<meta property=\"og:type\" content=\"article\" \/>\n<meta property=\"og:title\" content=\"Po\u010detna\" \/>\n<meta property=\"og:description\" content=\"Hotel Harmony je mali porodi\u010dni hotel smje\u0161ten u Petrovcu, udaljen 150m od pla\u017ee Petrovac, a 300m od jedne od najljep\u0161ih pla\u017ea na Jadranu, pla\u017ee Lu\u010dice.\" \/>\n<meta property=\"og:url\" content=\"https:\/\/hotelharmony.me\/hr\/\" \/>\n<meta property=\"og:site_name\" content=\"Hotel Harmony\" \/>\n<meta property=\"article:publisher\" content=\"https:\/\/www.facebook.com\/harmony.petrovac\/\" \/>\n<meta property=\"article:modified_time\" content=\"2021-05-19T09:50:54+00:00\" \/>\n<meta name=\"twitter:card\" content=\"summary_large_image\" \/>\n<script type=\"application\/ld+json\" class=\"yoast-schema-graph\">{\"@context\":\"https:\/\/schema.org\",\"@graph\":[{\"@type\":\"WebPage\",\"@id\":\"https:\/\/hotelharmony.me\/hr\/\",\"url\":\"https:\/\/hotelharmony.me\/hr\/\",\"name\":\"Dobrodo\u0161li na na\u0161u web stranicu | Hotel Harmony | Petrovac, Crna Gora\",\"isPartOf\":{\"@id\":\"https:\/\/hotelharmony.me\/#website\"},\"datePublished\":\"2018-03-07T18:57:06+00:00\",\"dateModified\":\"2021-05-19T09:50:54+00:00\",\"description\":\"Hotel Harmony je mali porodi\u010dni hotel smje\u0161ten u Petrovcu, udaljen 150m od pla\u017ee Petrovac, a 300m od jedne od najljep\u0161ih pla\u017ea na Jadranu, pla\u017ee Lu\u010dice.\",\"breadcrumb\":{\"@id\":\"https:\/\/hotelharmony.me\/hr\/#breadcrumb\"},\"inLanguage\":\"hr\",\"potentialAction\":[{\"@type\":\"ReadAction\",\"target\":[\"https:\/\/hotelharmony.me\/hr\/\"]}]},{\"@type\":\"BreadcrumbList\",\"@id\":\"https:\/\/hotelharmony.me\/hr\/#breadcrumb\",\"itemListElement\":[{\"@type\":\"ListItem\",\"position\":1,\"name\":\"Home\",\"item\":\"https:\/\/hotelharmony.me\/hr\/\"},{\"@type\":\"ListItem\",\"position\":2,\"name\":\"Po\u010detna\"}]},{\"@type\":\"WebSite\",\"@id\":\"https:\/\/hotelharmony.me\/#website\",\"url\":\"https:\/\/hotelharmony.me\/\",\"name\":\"Hotel Harmony\",\"description\":\"Petrovac, Crna Gora\",\"publisher\":{\"@id\":\"https:\/\/hotelharmony.me\/#organization\"},\"potentialAction\":[{\"@type\":\"SearchAction\",\"target\":{\"@type\":\"EntryPoint\",\"urlTemplate\":\"https:\/\/hotelharmony.me\/?s={search_term_string}\"},\"query-input\":{\"@type\":\"PropertyValueSpecification\",\"valueRequired\":true,\"valueName\":\"search_term_string\"}}],\"inLanguage\":\"hr\"},{\"@type\":\"Organization\",\"@id\":\"https:\/\/hotelharmony.me\/#organization\",\"name\":\"Hotel Harmony Petrovac\",\"url\":\"https:\/\/hotelharmony.me\/\",\"logo\":{\"@type\":\"ImageObject\",\"inLanguage\":\"hr\",\"@id\":\"https:\/\/hotelharmony.me\/#\/schema\/logo\/image\/\",\"url\":\"https:\/\/hotelharmony.me\/wp-content\/uploads\/2020\/05\/logo.png\",\"contentUrl\":\"https:\/\/hotelharmony.me\/wp-content\/uploads\/2020\/05\/logo.png\",\"width\":592,\"height\":391,\"caption\":\"Hotel Harmony Petrovac\"},\"image\":{\"@id\":\"https:\/\/hotelharmony.me\/#\/schema\/logo\/image\/\"},\"sameAs\":[\"https:\/\/www.facebook.com\/harmony.petrovac\/\"]}]}<\/script>\n<!-- \/ Yoast SEO Premium plugin. -->","yoast_head_json":{"title":"Dobrodo\u0161li na na\u0161u web stranicu | Hotel Harmony | Petrovac, Crna Gora","description":"Hotel Harmony je mali porodi\u010dni hotel smje\u0161ten u Petrovcu, udaljen 150m od pla\u017ee Petrovac, a 300m od jedne od najljep\u0161ih pla\u017ea na Jadranu, pla\u017ee Lu\u010dice.","robots":{"index":"index","follow":"follow","max-snippet":"max-snippet:-1","max-image-preview":"max-image-preview:large","max-video-preview":"max-video-preview:-1"},"canonical":"https:\/\/hotelharmony.me\/hr\/","og_locale":"hr_HR","og_type":"article","og_title":"Po\u010detna","og_description":"Hotel Harmony je mali porodi\u010dni hotel smje\u0161ten u Petrovcu, udaljen 150m od pla\u017ee Petrovac, a 300m od jedne od najljep\u0161ih pla\u017ea na Jadranu, pla\u017ee Lu\u010dice.","og_url":"https:\/\/hotelharmony.me\/hr\/","og_site_name":"Hotel Harmony","article_publisher":"https:\/\/www.facebook.com\/harmony.petrovac\/","article_modified_time":"2021-05-19T09:50:54+00:00","twitter_card":"summary_large_image","schema":{"@context":"https:\/\/schema.org","@graph":[{"@type":"WebPage","@id":"https:\/\/hotelharmony.me\/hr\/","url":"https:\/\/hotelharmony.me\/hr\/","name":"Dobrodo\u0161li na na\u0161u web stranicu | Hotel Harmony | Petrovac, Crna Gora","isPartOf":{"@id":"https:\/\/hotelharmony.me\/#website"},"datePublished":"2018-03-07T18:57:06+00:00","dateModified":"2021-05-19T09:50:54+00:00","description":"Hotel Harmony je mali porodi\u010dni hotel smje\u0161ten u Petrovcu, udaljen 150m od pla\u017ee Petrovac, a 300m od jedne od najljep\u0161ih pla\u017ea na Jadranu, pla\u017ee Lu\u010dice.","breadcrumb":{"@id":"https:\/\/hotelharmony.me\/hr\/#breadcrumb"},"inLanguage":"hr","potentialAction":[{"@type":"ReadAction","target":["https:\/\/hotelharmony.me\/hr\/"]}]},{"@type":"BreadcrumbList","@id":"https:\/\/hotelharmony.me\/hr\/#breadcrumb","itemListElement":[{"@type":"ListItem","position":1,"name":"Home","item":"https:\/\/hotelharmony.me\/hr\/"},{"@type":"ListItem","position":2,"name":"Po\u010detna"}]},{"@type":"WebSite","@id":"https:\/\/hotelharmony.me\/#website","url":"https:\/\/hotelharmony.me\/","name":"Hotel Harmony","description":"Petrovac, Crna Gora","publisher":{"@id":"https:\/\/hotelharmony.me\/#organization"},"potentialAction":[{"@type":"SearchAction","target":{"@type":"EntryPoint","urlTemplate":"https:\/\/hotelharmony.me\/?s={search_term_string}"},"query-input":{"@type":"PropertyValueSpecification","valueRequired":true,"valueName":"search_term_string"}}],"inLanguage":"hr"},{"@type":"Organization","@id":"https:\/\/hotelharmony.me\/#organization","name":"Hotel Harmony Petrovac","url":"https:\/\/hotelharmony.me\/","logo":{"@type":"ImageObject","inLanguage":"hr","@id":"https:\/\/hotelharmony.me\/#\/schema\/logo\/image\/","url":"https:\/\/hotelharmony.me\/wp-content\/uploads\/2020\/05\/logo.png","contentUrl":"https:\/\/hotelharmony.me\/wp-content\/uploads\/2020\/05\/logo.png","width":592,"height":391,"caption":"Hotel Harmony Petrovac"},"image":{"@id":"https:\/\/hotelharmony.me\/#\/schema\/logo\/image\/"},"sameAs":["https:\/\/www.facebook.com\/harmony.petrovac\/"]}]}},"_links":{"self":[{"href":"https:\/\/hotelharmony.me\/hr\/wp-json\/wp\/v2\/pages\/374","targetHints":{"allow":["GET"]}}],"collection":[{"href":"https:\/\/hotelharmony.me\/hr\/wp-json\/wp\/v2\/pages"}],"about":[{"href":"https:\/\/hotelharmony.me\/hr\/wp-json\/wp\/v2\/types\/page"}],"author":[{"embeddable":true,"href":"https:\/\/hotelharmony.me\/hr\/wp-json\/wp\/v2\/users\/1"}],"replies":[{"embeddable":true,"href":"https:\/\/hotelharmony.me\/hr\/wp-json\/wp\/v2\/comments?post=374"}],"version-history":[{"count":11,"href":"https:\/\/hotelharmony.me\/hr\/wp-json\/wp\/v2\/pages\/374\/revisions"}],"predecessor-version":[{"id":661,"href":"https:\/\/hotelharmony.me\/hr\/wp-json\/wp\/v2\/pages\/374\/revisions\/661"}],"wp:attachment":[{"href":"https:\/\/hotelharmony.me\/hr\/wp-json\/wp\/v2\/media?parent=374"}],"curies":[{"name":"wp","href":"https:\/\/api.w.org\/{rel}","templated":true}]}}